{"id":32,"date":"2020-01-17T11:23:06","date_gmt":"2020-01-17T10:23:06","guid":{"rendered":"https:\/\/barometremobilites-quotidien.org\/?page_id=32"},"modified":"2022-03-29T08:12:32","modified_gmt":"2022-03-29T06:12:32","slug":"le-barometre","status":"publish","type":"page","link":"https:\/\/barometremobilites-quotidien.org\/index.php\/le-barometre\/","title":{"rendered":"M\u00e9thodologie"},"content":{"rendered":"\t\t<div data-elementor-type=\"wp-page\" data-elementor-id=\"32\" class=\"elementor elementor-32\">\n\t\t\t\t\t\t<section class=\"elementor-section elementor-top-section elementor-element elementor-element-19b29f5 elementor-section-boxed elementor-section-height-default elementor-section-height-default\" data-id=\"19b29f5\" data-element_type=\"section\">\n\t\t\t\t\t\t<div class=\"elementor-container elementor-column-gap-default\">\n\t\t\t\t\t<div class=\"elementor-column elementor-col-100 elementor-top-column elementor-element elementor-element-7beb4c4\" data-id=\"7beb4c4\" data-element_type=\"column\">\n\t\t\t<div class=\"elementor-widget-wrap elementor-element-populated\">\n\t\t\t\t\t\t<div class=\"elementor-element elementor-element-f8576d3 elementor-widget elementor-widget-heading\" data-id=\"f8576d3\" data-element_type=\"widget\" data-widget_type=\"heading.default\">\n\t\t\t\t<div class=\"elementor-widget-container\">\n\t\t\t<h2 class=\"elementor-heading-title elementor-size-default\">Une enqu\u00eate nationale et une lecture singuli\u00e8re des zones peu denses<\/h2>\t\t<\/div>\n\t\t\t\t<\/div>\n\t\t\t\t\t<\/div>\n\t\t<\/div>\n\t\t\t\t\t<\/div>\n\t\t<\/section>\n\t\t\t\t<section class=\"elementor-section elementor-top-section elementor-element elementor-element-bcec9d8 elementor-section-boxed elementor-section-height-default elementor-section-height-default\" data-id=\"bcec9d8\" data-element_type=\"section\">\n\t\t\t\t\t\t<div class=\"elementor-container elementor-column-gap-default\">\n\t\t\t\t\t<div class=\"elementor-column elementor-col-100 elementor-top-column elementor-element elementor-element-cdcbcdc\" data-id=\"cdcbcdc\" data-element_type=\"column\">\n\t\t\t<div class=\"elementor-widget-wrap elementor-element-populated\">\n\t\t\t\t\t\t<div class=\"elementor-element elementor-element-80c6e1e elementor-widget elementor-widget-text-editor\" data-id=\"80c6e1e\" data-element_type=\"widget\" data-widget_type=\"text-editor.default\">\n\t\t\t\t<div class=\"elementor-widget-container\">\n\t\t\t\t\t\t\t<p><span style=\"text-decoration: underline;\"><img fetchpriority=\"high\" decoding=\"async\" class=\"alignleft wp-image-669 size-medium\" src=\"https:\/\/barometremobilites-quotidien.org\/wp-content\/uploads\/2022\/03\/barometre-quotidien-FR1-300x200.jpg\" alt=\"\" width=\"300\" height=\"200\" srcset=\"https:\/\/barometremobilites-quotidien.org\/wp-content\/uploads\/2022\/03\/barometre-quotidien-FR1-300x200.jpg 300w, https:\/\/barometremobilites-quotidien.org\/wp-content\/uploads\/2022\/03\/barometre-quotidien-FR1-1024x683.jpg 1024w, https:\/\/barometremobilites-quotidien.org\/wp-content\/uploads\/2022\/03\/barometre-quotidien-FR1-768x512.jpg 768w, https:\/\/barometremobilites-quotidien.org\/wp-content\/uploads\/2022\/03\/barometre-quotidien-FR1-1536x1024.jpg 1536w, https:\/\/barometremobilites-quotidien.org\/wp-content\/uploads\/2022\/03\/barometre-quotidien-FR1-2048x1365.jpg 2048w\" sizes=\"(max-width: 300px) 100vw, 300px\" \/>Des indicateurs sociaux et environnementaux<\/span><\/p><p>Quelles sont les pratiques de mobilit\u00e9 des Fran\u00e7ais.es, en fonction de leur niveau de vie, de leur lieu d\u2019habitation ? Ont-ils le choix ? Ce mode de d\u00e9placement leur convient-il ? Disposent-ils d\u2019un acc\u00e8s \u00e0 une alternative moins polluante et moins co\u00fbteuse ? Nous souhaitons \u00e9tablir une photographie de la mobilit\u00e9 des fran\u00e7ais.es, les besoins et contraintes rencontr\u00e9es, leur capacit\u00e9 \u00e0 \u00e9voluer vers une solution r\u00e9pondant au d\u00e9fi environnemental, et les conditions \u00e0 ce changement de pratique. Nous souhaitons \u00e9galement identifier les freins \u00e0 l\u2019acc\u00e8s \u00e0 la mobilit\u00e9 durable en fonction de la situation individuelle des personnes et les renoncements du fait d\u2019une entrave \u00e0 la mobilit\u00e9. Il s\u2019agit de mettre des chiffres sur ces enjeux \u00e9conomiques, \u00e9cologiques, sociaux, soci\u00e9taux et m\u00eame sanitaires.<\/p>\t\t\t\t\t\t<\/div>\n\t\t\t\t<\/div>\n\t\t\t\t\t<\/div>\n\t\t<\/div>\n\t\t\t\t\t<\/div>\n\t\t<\/section>\n\t\t\t\t<section class=\"elementor-section elementor-top-section elementor-element elementor-element-e687b95 elementor-section-boxed elementor-section-height-default elementor-section-height-default\" data-id=\"e687b95\" data-element_type=\"section\">\n\t\t\t\t\t\t<div class=\"elementor-container elementor-column-gap-default\">\n\t\t\t\t\t<div class=\"elementor-column elementor-col-100 elementor-top-column elementor-element elementor-element-f00c0d2\" data-id=\"f00c0d2\" data-element_type=\"column\">\n\t\t\t<div class=\"elementor-widget-wrap elementor-element-populated\">\n\t\t\t\t\t\t<div class=\"elementor-element elementor-element-a1a4ab6 elementor-widget elementor-widget-text-editor\" data-id=\"a1a4ab6\" data-element_type=\"widget\" data-widget_type=\"text-editor.default\">\n\t\t\t\t<div class=\"elementor-widget-container\">\n\t\t\t\t\t\t\t<p><span style=\"text-decoration: underline;\">4 000 m\u00e9nages interrog\u00e9s<\/span><\/p><p>L\u2019enqu\u00eate sera r\u00e9alis\u00e9e en ligne aupr\u00e8s d\u2019un \u00e9chantillon de 4 000 personnes repr\u00e9sentatif de la population de France m\u00e9tropolitaine \u00e2g\u00e9e de 18 \u00e0 75 ans. Disposer d\u2019un tel \u00e9chantillon nous permettra :<\/p><p>D\u2019une part, de prendre en compte des cat\u00e9gories \u00ab minoritaires \u00bb au sein de la population : personnes \u00e0 mobilit\u00e9 r\u00e9duite ou en situation de pauvret\u00e9, r\u00e9sidents des zones g\u00e9ographiques isol\u00e9es de l\u2019influence des p\u00f4les urbains, etc.<\/p><p>D\u2019autre part, de disposer d\u2019un niveau de lecture fiable au sein des zones peu denses. Les 22 % de la population fran\u00e7aise qui vivent dans des communes rurales seront repr\u00e9sent\u00e9es par environ 880 personnes dans l\u2019\u00e9chantillon. La population habitant en dehors des zones r\u00e9gies par les autorit\u00e9s organisatrices de la mobilit\u00e9<br \/>(AOM) \u00e0 l\u2019heure actuelle, soit aujourd\u2019hui 30 % de la population, seront repr\u00e9sent\u00e9es par environ 1 000 personnes dans l\u2019\u00e9chantillon.<\/p>\t\t\t\t\t\t<\/div>\n\t\t\t\t<\/div>\n\t\t\t\t\t<\/div>\n\t\t<\/div>\n\t\t\t\t\t<\/div>\n\t\t<\/section>\n\t\t\t\t<section class=\"elementor-section elementor-top-section elementor-element elementor-element-436c7ba elementor-section-boxed elementor-section-height-default elementor-section-height-default\" data-id=\"436c7ba\" data-element_type=\"section\">\n\t\t\t\t\t\t<div class=\"elementor-container elementor-column-gap-default\">\n\t\t\t\t\t<div class=\"elementor-column elementor-col-100 elementor-top-column elementor-element elementor-element-fecb479\" data-id=\"fecb479\" data-element_type=\"column\">\n\t\t\t<div class=\"elementor-widget-wrap elementor-element-populated\">\n\t\t\t\t\t\t<div class=\"elementor-element elementor-element-6ccee9a elementor-widget elementor-widget-heading\" data-id=\"6ccee9a\" data-element_type=\"widget\" data-widget_type=\"heading.default\">\n\t\t\t\t<div class=\"elementor-widget-container\">\n\t\t\t<h2 class=\"elementor-heading-title elementor-size-default\">Un zoom sur trois territoires<\/h2>\t\t<\/div>\n\t\t\t\t<\/div>\n\t\t\t\t\t<\/div>\n\t\t<\/div>\n\t\t\t\t\t<\/div>\n\t\t<\/section>\n\t\t\t\t<section class=\"elementor-section elementor-top-section elementor-element elementor-element-cc8b478 elementor-section-boxed elementor-section-height-default elementor-section-height-default\" data-id=\"cc8b478\" data-element_type=\"section\">\n\t\t\t\t\t\t<div class=\"elementor-container elementor-column-gap-default\">\n\t\t\t\t\t<div class=\"elementor-column elementor-col-100 elementor-top-column elementor-element elementor-element-cb9b5ac\" data-id=\"cb9b5ac\" data-element_type=\"column\">\n\t\t\t<div class=\"elementor-widget-wrap elementor-element-populated\">\n\t\t\t\t\t\t<div class=\"elementor-element elementor-element-eba7abd elementor-widget elementor-widget-text-editor\" data-id=\"eba7abd\" data-element_type=\"widget\" data-widget_type=\"text-editor.default\">\n\t\t\t\t<div class=\"elementor-widget-container\">\n\t\t\t\t\t\t\t<p><span style=\"text-decoration: underline;\">Le besoin d\u2019illustrer<\/span><\/p><p>La typologie de lieu de vie conditionne grandement l\u2019offre de mobilit\u00e9 disponible et donc la capacit\u00e9 de chacun \u00e0 se d\u00e9placer. Au-del\u00e0 de l\u2019approche nationale d\u00e9taill\u00e9e pr\u00e9c\u00e9demment, il est imp\u00e9ratif d\u2019effectuer des zooms territoriaux. Cette approche locale va nous permettre de comparer offre de mobilit\u00e9 durable et connaissance ou appropriation de celle-ci, si elle est pr\u00e9sente sur ce territoire. Nous allons \u00e9galement pouvoir analyser plus finement les raisons d\u2019un non-acc\u00e8s \u00e0 la mobilit\u00e9 (freins financiers, physiques, psychosociaux) et ses cons\u00e9quences dans la vie de tous les jours. Pour finir, l\u2019objectif est \u00e9galement de mettre en avant certaines solutions ou initiatives permettant, parfois \u00e0 une \u00e9chelle tr\u00e8s locale, d\u2019acc\u00e9der \u00e0 la mobilit\u00e9 autrement que par l\u2019autosolisme (covoiturage solidaire, voitures \u00e9lectriques partag\u00e9es, v\u00e9lo-\u00e9cole, garages sociaux\u2026). D\u00e8s l\u2019ann\u00e9e 2, nous pourrons \u00e9tudier comment les collectivit\u00e9s s\u2019approprient la nouvelle loi d\u2019orientation des mobilit\u00e9s vot\u00e9e en juin 2019 \u00e0 l\u2019Assembl\u00e9e nationale.<\/p>\t\t\t\t\t\t<\/div>\n\t\t\t\t<\/div>\n\t\t\t\t\t<\/div>\n\t\t<\/div>\n\t\t\t\t\t<\/div>\n\t\t<\/section>\n\t\t\t\t<section class=\"elementor-section elementor-top-section elementor-element elementor-element-b425175 elementor-section-boxed elementor-section-height-default elementor-section-height-default\" data-id=\"b425175\" data-element_type=\"section\">\n\t\t\t\t\t\t<div class=\"elementor-container elementor-column-gap-default\">\n\t\t\t\t\t<div class=\"elementor-column elementor-col-100 elementor-top-column elementor-element elementor-element-133f447\" data-id=\"133f447\" data-element_type=\"column\">\n\t\t\t<div class=\"elementor-widget-wrap elementor-element-populated\">\n\t\t\t\t\t\t<div class=\"elementor-element elementor-element-d36c46e elementor-widget elementor-widget-text-editor\" data-id=\"d36c46e\" data-element_type=\"widget\" data-widget_type=\"text-editor.default\">\n\t\t\t\t<div class=\"elementor-widget-container\">\n\t\t\t\t\t\t\t<p><span style=\"text-decoration: underline;\">Une m\u00e9thode de r\u00e9alisation immersive<\/span><\/p><p>Ces focus territoriaux nous donnerons l\u2019occasion de nous int\u00e9resser au quotidien de personnes vivant et se d\u00e9pla\u00e7ant sur ce territoire afin d\u2019identifier des \u201ccas concrets\u201d (senior isol\u00e9, demandeur d\u2019emploi\u2026). Nous pourrons identifier les difficult\u00e9s rencontr\u00e9es, les solutions parfois mises en place et l\u2019ampleur des renoncements \u00e9voqu\u00e9s pr\u00e9c\u00e9demment.<\/p>\t\t\t\t\t\t<\/div>\n\t\t\t\t<\/div>\n\t\t\t\t\t<\/div>\n\t\t<\/div>\n\t\t\t\t\t<\/div>\n\t\t<\/section>\n\t\t\t\t<section class=\"elementor-section elementor-top-section elementor-element elementor-element-bc243a7 elementor-section-boxed elementor-section-height-default elementor-section-height-default\" data-id=\"bc243a7\" data-element_type=\"section\">\n\t\t\t\t\t\t<div class=\"elementor-container elementor-column-gap-default\">\n\t\t\t\t\t<div class=\"elementor-column elementor-col-100 elementor-top-column elementor-element elementor-element-be75134\" data-id=\"be75134\" data-element_type=\"column\">\n\t\t\t<div class=\"elementor-widget-wrap elementor-element-populated\">\n\t\t\t\t\t\t<div class=\"elementor-element elementor-element-4ed6049 elementor-widget elementor-widget-heading\" data-id=\"4ed6049\" data-element_type=\"widget\" data-widget_type=\"heading.default\">\n\t\t\t\t<div class=\"elementor-widget-container\">\n\t\t\t<h2 class=\"elementor-heading-title elementor-size-default\">Un rendez-vous annuel<\/h2>\t\t<\/div>\n\t\t\t\t<\/div>\n\t\t\t\t\t<\/div>\n\t\t<\/div>\n\t\t\t\t\t<\/div>\n\t\t<\/section>\n\t\t\t\t<section class=\"elementor-section elementor-top-section elementor-element elementor-element-4e89fa6 elementor-section-boxed elementor-section-height-default elementor-section-height-default\" data-id=\"4e89fa6\" data-element_type=\"section\">\n\t\t\t\t\t\t<div class=\"elementor-container elementor-column-gap-default\">\n\t\t\t\t\t<div class=\"elementor-column elementor-col-100 elementor-top-column elementor-element elementor-element-315ca51\" data-id=\"315ca51\" data-element_type=\"column\">\n\t\t\t<div class=\"elementor-widget-wrap elementor-element-populated\">\n\t\t\t\t\t\t<div class=\"elementor-element elementor-element-add78fa elementor-widget elementor-widget-text-editor\" data-id=\"add78fa\" data-element_type=\"widget\" data-widget_type=\"text-editor.default\">\n\t\t\t\t<div class=\"elementor-widget-container\">\n\t\t\t\t\t\t\t<p>Le premier barom\u00e8tre sera publi\u00e9 \u00e0 l\u2019automne 2019, quelques mois apr\u00e8s la promulgation de la loi d\u2019orientation<\/p><p>des mobilit\u00e9s. Il s\u2019agit d\u2019\u00e9tablir un \u00e9tat des lieux, une r\u00e9f\u00e9rence, pour pouvoir dans les ann\u00e9es qui suivent, donner rendez-vous chaque ann\u00e9e \u00e0 l\u2019\u00e9cosyst\u00e8me de la mobilit\u00e9. La r\u00e9gularit\u00e9 du Barom\u00e8tre sera un atout pour : Observer les \u00e9volutions en termes d\u2019acc\u00e8s et de pratiques de mobilit\u00e9 durable au niveau national et dans les diff\u00e9rents territoires.<\/p><ul><li>Mettre en avant les probl\u00e9matiques d\u2019acc\u00e8s \u00e0 la mobilit\u00e9 et de pr\u00e9carit\u00e9 \u00e9nerg\u00e9tique li\u00e9e aux transports.<\/li><li>Identifier les leviers de mise en oeuvre pour les nouvelles solutions de mobilit\u00e9 et acc\u00e9l\u00e9rer les changements<\/li><li>de pratique.<\/li><li>Mettre en lumi\u00e8re des initiatives locales apportant des solutions concr\u00e8tes.<\/li><li>Prendre en compte la capacit\u00e9 des Autorit\u00e9s organisatrices de la mobilit\u00e9 (AOM) \u00e0 s\u2019approprier le nouveau<\/li><li>cadre l\u00e9gislatif et leurs nouvelles comp\u00e9tences.<\/li><li>Faire vivre le sujet de la mobilit\u00e9 durable et inclusive dans l\u2019agenda m\u00e9diatique au-del\u00e0 du calendrier politique.<\/li><\/ul>\t\t\t\t\t\t<\/div>\n\t\t\t\t<\/div>\n\t\t\t\t\t<\/div>\n\t\t<\/div>\n\t\t\t\t\t<\/div>\n\t\t<\/section>\n\t\t\t\t<\/div>\n\t\t","protected":false},"excerpt":{"rendered":"<p>Une enqu\u00eate nationale et une lecture singuli\u00e8re des zones peu denses Des indicateurs sociaux et environnementaux Quelles sont les pratiques de mobilit\u00e9 des Fran\u00e7ais.es, en fonction de leur niveau de vie, de leur lieu d\u2019habitation ? Ont-ils le choix ? Ce mode de d\u00e9placement leur convient-il ? Disposent-ils d\u2019un acc\u00e8s \u00e0 une alternative moins polluante [&hellip;]<\/p>\n","protected":false},"author":1,"featured_media":0,"parent":0,"menu_order":0,"comment_status":"closed","ping_status":"closed","template":"","meta":{"footnotes":""},"_links":{"self":[{"href":"https:\/\/barometremobilites-quotidien.org\/index.php\/wp-json\/wp\/v2\/pages\/32"}],"collection":[{"href":"https:\/\/barometremobilites-quotidien.org\/index.php\/wp-json\/wp\/v2\/pages"}],"about":[{"href":"https:\/\/barometremobilites-quotidien.org\/index.php\/wp-json\/wp\/v2\/types\/page"}],"author":[{"embeddable":true,"href":"https:\/\/barometremobilites-quotidien.org\/index.php\/wp-json\/wp\/v2\/users\/1"}],"replies":[{"embeddable":true,"href":"https:\/\/barometremobilites-quotidien.org\/index.php\/wp-json\/wp\/v2\/comments?post=32"}],"version-history":[{"count":17,"href":"https:\/\/barometremobilites-quotidien.org\/index.php\/wp-json\/wp\/v2\/pages\/32\/revisions"}],"predecessor-version":[{"id":817,"href":"https:\/\/barometremobilites-quotidien.org\/index.php\/wp-json\/wp\/v2\/pages\/32\/revisions\/817"}],"wp:attachment":[{"href":"https:\/\/barometremobilites-quotidien.org\/index.php\/wp-json\/wp\/v2\/media?parent=32"}],"curies":[{"name":"wp","href":"https:\/\/api.w.org\/{rel}","templated":true}]}}