{"id":795,"date":"2022-03-28T16:46:52","date_gmt":"2022-03-28T14:46:52","guid":{"rendered":"https:\/\/barometremobilites-quotidien.org\/?page_id=795"},"modified":"2024-05-30T14:12:43","modified_gmt":"2024-05-30T12:12:43","slug":"feuille-de-route","status":"publish","type":"page","link":"https:\/\/barometremobilites-quotidien.org\/index.php\/feuille-de-route\/","title":{"rendered":"Feuille de route 2022"},"content":{"rendered":"\t\t<div data-elementor-type=\"wp-page\" data-elementor-id=\"795\" class=\"elementor elementor-795\">\n\t\t\t\t\t\t<section class=\"elementor-section elementor-top-section elementor-element elementor-element-5534c97 elementor-section-boxed elementor-section-height-default elementor-section-height-default\" data-id=\"5534c97\" data-element_type=\"section\">\n\t\t\t\t\t\t<div class=\"elementor-container elementor-column-gap-default\">\n\t\t\t\t\t<div class=\"elementor-column elementor-col-100 elementor-top-column elementor-element elementor-element-0299c49\" data-id=\"0299c49\" data-element_type=\"column\">\n\t\t\t<div class=\"elementor-widget-wrap elementor-element-populated\">\n\t\t\t\t\t\t<section class=\"elementor-section elementor-inner-section elementor-element elementor-element-fb94e8b elementor-section-boxed elementor-section-height-default elementor-section-height-default\" data-id=\"fb94e8b\" data-element_type=\"section\">\n\t\t\t\t\t\t<div class=\"elementor-container elementor-column-gap-default\">\n\t\t\t\t\t<div class=\"elementor-column elementor-col-50 elementor-inner-column elementor-element elementor-element-c0549ef\" data-id=\"c0549ef\" data-element_type=\"column\">\n\t\t\t<div class=\"elementor-widget-wrap elementor-element-populated\">\n\t\t\t\t\t\t<div class=\"elementor-element elementor-element-d80e0ff elementor-widget elementor-widget-image\" data-id=\"d80e0ff\" data-element_type=\"widget\" data-widget_type=\"image.default\">\n\t\t\t\t<div class=\"elementor-widget-container\">\n\t\t\t\t\t\t\t\t\t\t\t\t\t<img fetchpriority=\"high\" decoding=\"async\" width=\"517\" height=\"376\" src=\"https:\/\/barometremobilites-quotidien.org\/wp-content\/uploads\/2022\/03\/barometre-quotidien-FR1-517x376.jpg\" class=\"attachment-tc-slider-small size-tc-slider-small wp-image-669\" alt=\"\" \/>\t\t\t\t\t\t\t\t\t\t\t\t\t<\/div>\n\t\t\t\t<\/div>\n\t\t\t\t\t<\/div>\n\t\t<\/div>\n\t\t\t\t<div class=\"elementor-column elementor-col-50 elementor-inner-column elementor-element elementor-element-68ab3bb\" data-id=\"68ab3bb\" data-element_type=\"column\">\n\t\t\t<div class=\"elementor-widget-wrap elementor-element-populated\">\n\t\t\t\t\t\t<div class=\"elementor-element elementor-element-844b11c elementor-widget elementor-widget-text-editor\" data-id=\"844b11c\" data-element_type=\"widget\" data-widget_type=\"text-editor.default\">\n\t\t\t\t<div class=\"elementor-widget-container\">\n\t\t\t\t\t\t\t<p><b><span style=\"font-size: 10.5pt; font-family: 'Segoe UI',sans-serif;\">Il est urgent de redonner envie aux gens, et de leur donner les moyens, de prendre les transports en commun, de sortir de la d\u00e9pendance \u00e0 la voiture individuelle, de favoriser le partage des v\u00e9hicules et la pratique du v\u00e9lo en zone urbaine mais aussi en zone rurale, et de faciliter le passage \u00e0 la voiture \u00e9lectrique. La t\u00e2che est in\u00e9dite pour les d\u00e9cideurs politiques, \u00e0 la fois par la rapidit\u00e9 des changements \u00e0 op\u00e9rer, et de par les d\u00e9fis sociaux que ces politiques ont \u00e0 relever.<\/span><\/b><\/p>\t\t\t\t\t\t<\/div>\n\t\t\t\t<\/div>\n\t\t\t\t\t<\/div>\n\t\t<\/div>\n\t\t\t\t\t<\/div>\n\t\t<\/section>\n\t\t\t\t\t<\/div>\n\t\t<\/div>\n\t\t\t\t\t<\/div>\n\t\t<\/section>\n\t\t\t\t<section class=\"elementor-section elementor-top-section elementor-element elementor-element-c1d91a1 elementor-section-boxed elementor-section-height-default elementor-section-height-default\" data-id=\"c1d91a1\" data-element_type=\"section\">\n\t\t\t\t\t\t<div class=\"elementor-container elementor-column-gap-default\">\n\t\t\t\t\t<div class=\"elementor-column elementor-col-100 elementor-top-column elementor-element elementor-element-2d0f9a6\" data-id=\"2d0f9a6\" data-element_type=\"column\">\n\t\t\t<div class=\"elementor-widget-wrap elementor-element-populated\">\n\t\t\t\t\t\t<div class=\"elementor-element elementor-element-48318d1 elementor-widget elementor-widget-heading\" data-id=\"48318d1\" data-element_type=\"widget\" data-widget_type=\"heading.default\">\n\t\t\t\t<div class=\"elementor-widget-container\">\n\t\t\t<h3 class=\"elementor-heading-title elementor-size-default\">Face \u00e0 la crise \u00e9nerg\u00e9tique, les mesures d'urgence<\/h3>\t\t<\/div>\n\t\t\t\t<\/div>\n\t\t\t\t<div class=\"elementor-element elementor-element-9d1a7ee elementor-widget elementor-widget-text-editor\" data-id=\"9d1a7ee\" data-element_type=\"widget\" data-widget_type=\"text-editor.default\">\n\t\t\t\t<div class=\"elementor-widget-container\">\n\t\t\t\t\t\t\t<p>Wimoov et la Fondation pour la Nature et l&rsquo;Homme appellent le gouvernement \u00e0 mettre en place des mesures compl\u00e9mentaires \u00e0 court terme :<\/p><ul><li>Favoriser le <strong>partage de v\u00e9hicules<\/strong> :\u00a0 syst\u00e9matiser les aires de covoiturage dans toutes les communes.<\/li><li>Sur le mod\u00e8le du ch\u00e8que \u00e9nergie, mettre en place un <strong>ch\u00e8que carburant cibl\u00e9 sur les m\u00e9nages les plus modestes et les personnes d\u00e9pendantes de leur voiture.<\/strong><\/li><li>Renforcer les <strong>aides \u00e0 l\u2019acquisition de v\u00e9los, v\u00e9los \u00e9lectriques, v\u00e9lo cargo<\/strong>. Elles sont trop faibles, et surtout, ne sont pas \u00e9quivalentes d\u2019une ville \u00e0 une autre.<\/li><li><strong>Conforter les pistes cyclables<\/strong> mises en place depuis le d\u00e9but de la crise sanitaire et renforcer le r\u00e9seau l\u00e0 o\u00f9 il permet de rejoindre les gares et p\u00f4les multimodaux.<\/li><li>Lancer une campagne de <strong>communication sur les mesures de sobri\u00e9t\u00e9<\/strong> : \u00e9coconduite\/ partage de v\u00e9hicules, covoiturage, r\u00e9duction des trajets de faible port\u00e9e (en de\u00e7\u00e0 de 3 km).<\/li><\/ul>\t\t\t\t\t\t<\/div>\n\t\t\t\t<\/div>\n\t\t\t\t<div class=\"elementor-element elementor-element-281842b elementor-widget elementor-widget-heading\" data-id=\"281842b\" data-element_type=\"widget\" data-widget_type=\"heading.default\">\n\t\t\t\t<div class=\"elementor-widget-container\">\n\t\t\t<h3 class=\"elementor-heading-title elementor-size-default\">Face au d\u00e9fi climatique, un plan d'accompagnement vers la mobilit\u00e9 durable pour toutes et tous<\/h3>\t\t<\/div>\n\t\t\t\t<\/div>\n\t\t\t\t<div class=\"elementor-element elementor-element-f019765 elementor-widget elementor-widget-heading\" data-id=\"f019765\" data-element_type=\"widget\" data-widget_type=\"heading.default\">\n\t\t\t\t<div class=\"elementor-widget-container\">\n\t\t\t<h4 class=\"elementor-heading-title elementor-size-default\">Prendre en compte les besoins de mobilit\u00e9 des populations dans leur diversit\u00e9<\/h4>\t\t<\/div>\n\t\t\t\t<\/div>\n\t\t\t\t<div class=\"elementor-element elementor-element-ef676c4 elementor-widget elementor-widget-text-editor\" data-id=\"ef676c4\" data-element_type=\"widget\" data-widget_type=\"text-editor.default\">\n\t\t\t\t<div class=\"elementor-widget-container\">\n\t\t\t\t\t\t\t<p>C\u2019est au plus pr\u00e8s des r\u00e9alit\u00e9s sociales et \u00e9conomiques que doivent se traduire concr\u00e8tement les politiques d\u2019accompagnement \u00e0 la mobilit\u00e9 durable et inclusive. Les collectivit\u00e9s territoriales et en particulier les autorit\u00e9s organisatrices de la mobilit\u00e9 sont concern\u00e9es au premier plan. Cette \u00e9volution de la gouvernance pilot\u00e9e au niveau de chaque r\u00e9gion doit permettre :<\/p><ul><li>La g\u00e9n\u00e9ralisation de <strong>l\u2019accompagnement individualis\u00e9 des publics fragiles vers la mobilit\u00e9<\/strong> comme le pr\u00e9voit la loi d\u2019orientation des mobilit\u00e9s.<\/li><li>La g\u00e9n\u00e9ralisation de la <strong>conception universelle<\/strong>\u2009: il s\u2019agit de concevoir les solutions de mobilit\u00e9 \u00e0 partir des difficult\u00e9s des plus fragiles afin de les rendre accessibles \u00e0 tous pour prendre en compte l\u2019ensemble des besoins des publics. Cela passe par prioritairement un <strong>espace mobilit\u00e9 dans chaque bassin de vie<\/strong> et une <strong>politique de formation \u00e0 la mobilit\u00e9 inclusive et durable<\/strong>.<\/li><\/ul>\t\t\t\t\t\t<\/div>\n\t\t\t\t<\/div>\n\t\t\t\t<div class=\"elementor-element elementor-element-640f3df elementor-widget elementor-widget-heading\" data-id=\"640f3df\" data-element_type=\"widget\" data-widget_type=\"heading.default\">\n\t\t\t\t<div class=\"elementor-widget-container\">\n\t\t\t<h4 class=\"elementor-heading-title elementor-size-default\">Le r\u00f4le des entreprises : g\u00e9n\u00e9ralisation des plans de d\u00e9placements et forfait mobilit\u00e9 durable obligatoire<\/h4>\t\t<\/div>\n\t\t\t\t<\/div>\n\t\t\t\t<div class=\"elementor-element elementor-element-a241666 elementor-widget elementor-widget-text-editor\" data-id=\"a241666\" data-element_type=\"widget\" data-widget_type=\"text-editor.default\">\n\t\t\t\t<div class=\"elementor-widget-container\">\n\t\t\t\t\t\t\t<p><\/p>\n<p>La FNH et Wimoov recommandent de faire \u00e9voluer de mani\u00e8re significative quelques r\u00e8gles fiscales et r\u00e9glementaires :<\/p>\n<ul>\n<li>Mise en place syst\u00e9matique du <strong>forfait mobilit\u00e9 durable dans toutes les entreprises<\/strong>, pour tous les salari\u00e9s.<\/li>\n<li>Acc\u00e9l\u00e9ration du <strong>renouvellement des flottes d\u2019entreprises<\/strong>.<\/li>\n<li><strong>Accompagnement de l\u2019ensemble des salari\u00e9s \u00e0 la mobilit\u00e9 durable : le diagnostic mobilit\u00e9<\/strong> en entreprise au moment du passage \u00e0 la retraite.<\/li><\/ul><ul>\n<\/ul>\t\t\t\t\t\t<\/div>\n\t\t\t\t<\/div>\n\t\t\t\t<div class=\"elementor-element elementor-element-28c230c elementor-widget elementor-widget-heading\" data-id=\"28c230c\" data-element_type=\"widget\" data-widget_type=\"heading.default\">\n\t\t\t\t<div class=\"elementor-widget-container\">\n\t\t\t<h4 class=\"elementor-heading-title elementor-size-default\">Pour une gestion interminist\u00e9rielle au niveau national<\/h4>\t\t<\/div>\n\t\t\t\t<\/div>\n\t\t\t\t<div class=\"elementor-element elementor-element-2f36f8d elementor-widget elementor-widget-text-editor\" data-id=\"2f36f8d\" data-element_type=\"widget\" data-widget_type=\"text-editor.default\">\n\t\t\t\t<div class=\"elementor-widget-container\">\n\t\t\t\t\t\t\t<p>La mobilit\u00e9 durable et inclusive n\u00e9cessite une politique nationale d\u00e9di\u00e9e, et un portage au niveau interminist\u00e9riel : transition \u00e9cologique, questions sociales, travail, \u00e9conomie, solidarit\u00e9, \u00e9galit\u00e9 homme femme, coh\u00e9sion sociale, ruralit\u00e9\u2026 Les diff\u00e9rents minist\u00e8res sont concern\u00e9s.<\/p><p>Cela pourra se traduire par :<\/p><ul><li><strong>Une campagne de communication nationale sur la mobilit\u00e9<\/strong>, ses impacts environnementaux, les solutions alternatives \u00e0 la voiture, doit permettre de toucher l\u2019ensemble de la population.<\/li><li>Une mission d\u00e9di\u00e9e \u00e0 l\u2019am\u00e9nagement du territoire : <strong>redonner un r\u00f4le \u00e0 la planification<\/strong> pour sortir de la logique d\u2019\u00e9talement urbain qui met \u00e0 rude \u00e9preuve nos solutions de mobilit\u00e9.<\/li><\/ul>\t\t\t\t\t\t<\/div>\n\t\t\t\t<\/div>\n\t\t\t\t<div class=\"elementor-element elementor-element-26ce725 elementor-widget elementor-widget-heading\" data-id=\"26ce725\" data-element_type=\"widget\" data-widget_type=\"heading.default\">\n\t\t\t\t<div class=\"elementor-widget-container\">\n\t\t\t<h3 class=\"elementor-heading-title elementor-size-default\">Mise \u00e0 jour de la feuille de route en 2024<\/h3>\t\t<\/div>\n\t\t\t\t<\/div>\n\t\t\t\t<div class=\"elementor-element elementor-element-e1bd81a elementor-widget elementor-widget-text-editor\" data-id=\"e1bd81a\" data-element_type=\"widget\" data-widget_type=\"text-editor.default\">\n\t\t\t\t<div class=\"elementor-widget-container\">\n\t\t\t\t\t\t\t<p><strong>Le 19 septembre 2024, une troisi\u00e8me \u00e9dition du Barom\u00e8tre des Mobilit\u00e9s du Quotidien<\/strong> verra le jour avec l\u2019appui de quatre nouveaux partenaires : l\u2019ADEME, la SNCF, la MACIF et le minist\u00e8re des transports (DGITM). Cette nouvelle \u00e9tude nous d\u00e9voilera les \u00e9volutions des pratiques et difficult\u00e9s de mobilit\u00e9 quotidienne en France et abordera de nouvelles th\u00e9matiques cl\u00e9s pour aiguiller les politiques publiques. Les r\u00e9sultats seront d\u00e9voil\u00e9s lors de la <a href=\"https:\/\/wimoov.org\/journee-de-la-mobilite-inclusive\/\">Journ\u00e9e de la Mobilit\u00e9 Inclusive<\/a> organis\u00e9e par Wimoov en septembre prochain.<\/p>\t\t\t\t\t\t<\/div>\n\t\t\t\t<\/div>\n\t\t\t\t\t<\/div>\n\t\t<\/div>\n\t\t\t\t\t<\/div>\n\t\t<\/section>\n\t\t\t\t<\/div>\n\t\t","protected":false},"excerpt":{"rendered":"<p>Il est urgent de redonner envie aux gens, et de leur donner les moyens, de prendre les transports en commun, de sortir de la d\u00e9pendance \u00e0 la voiture individuelle, de favoriser le partage des v\u00e9hicules et la pratique du v\u00e9lo en zone urbaine mais aussi en zone rurale, et de faciliter le passage \u00e0 la [&hellip;]<\/p>\n","protected":false},"author":1,"featured_media":0,"parent":0,"menu_order":0,"comment_status":"closed","ping_status":"closed","template":"","meta":{"footnotes":""},"_links":{"self":[{"href":"https:\/\/barometremobilites-quotidien.org\/index.php\/wp-json\/wp\/v2\/pages\/795"}],"collection":[{"href":"https:\/\/barometremobilites-quotidien.org\/index.php\/wp-json\/wp\/v2\/pages"}],"about":[{"href":"https:\/\/barometremobilites-quotidien.org\/index.php\/wp-json\/wp\/v2\/types\/page"}],"author":[{"embeddable":true,"href":"https:\/\/barometremobilites-quotidien.org\/index.php\/wp-json\/wp\/v2\/users\/1"}],"replies":[{"embeddable":true,"href":"https:\/\/barometremobilites-quotidien.org\/index.php\/wp-json\/wp\/v2\/comments?post=795"}],"version-history":[{"count":16,"href":"https:\/\/barometremobilites-quotidien.org\/index.php\/wp-json\/wp\/v2\/pages\/795\/revisions"}],"predecessor-version":[{"id":1065,"href":"https:\/\/barometremobilites-quotidien.org\/index.php\/wp-json\/wp\/v2\/pages\/795\/revisions\/1065"}],"wp:attachment":[{"href":"https:\/\/barometremobilites-quotidien.org\/index.php\/wp-json\/wp\/v2\/media?parent=795"}],"curies":[{"name":"wp","href":"https:\/\/api.w.org\/{rel}","templated":true}]}}